{"id":760,"date":"2019-09-05T15:33:16","date_gmt":"2019-09-05T15:33:16","guid":{"rendered":"https:\/\/www.meliusintegral.com\/inbound-product\/"},"modified":"2019-10-04T15:40:34","modified_gmt":"2019-10-04T15:40:34","slug":"inbound-product","status":"publish","type":"page","link":"https:\/\/www.meliusintegral.com\/fr\/","title":{"rendered":"Qui somme nous"},"content":{"rendered":"<div id=\"pl-760\"  class=\"panel-layout\" ><div id=\"pg-760-0\"  class=\"panel-grid panel-has-style\" ><div class=\"siteorigin-panels-stretch row-justification-center panel-row-style panel-row-style-for-760-0\" style=\"margin-bottom: 0; \" data-stretch-type=\"full\" ><div id=\"pgc-760-0-0\"  class=\"panel-grid-cell\" ><div id=\"panel-760-0-0-0\" class=\"so-panel widget_inb-headline inbound-headline panel-first-child\" data-index=\"0\" ><div id=\"ws-1\" class=\"panel-widget-style panel-widget-style-for-760-0-0-0\" ><div id=\"widget_headline_1\" class=\"inbound-headline headline-no-decoration\"><\/div><\/div><\/div><div id=\"panel-760-0-0-1\" class=\"so-panel widget_inb-divider inbound-divider\" data-index=\"1\" ><div class=\"panel-widget-style panel-widget-style-for-760-0-0-1\" ><hr id=\"widget_divider_1\" class=\"divider divider-solid align-center\"><\/div><\/div><div id=\"panel-760-0-0-2\" class=\"so-panel widget_sow-editor\" data-index=\"2\" ><div\n\t\t\t\n\t\t\tclass=\"so-widget-sow-editor so-widget-sow-editor-base\"\n\t\t\t\n\t\t>\n<div class=\"siteorigin-widget-tinymce textwidget\">\n\t<h1 class=\"regular-sub-title\" style=\"line-height: 52px;\">Conception de vitrine r\u00e9frig\u00e9r\u00e9e pour alimentation<\/h1>\n<\/div>\n<\/div><\/div><div id=\"panel-760-0-0-3\" class=\"so-panel widget_sow-editor\" data-index=\"3\" ><div class=\"text_inici text-align-left panel-widget-style panel-widget-style-for-760-0-0-3\" ><div\n\t\t\t\n\t\t\tclass=\"so-widget-sow-editor so-widget-sow-editor-base\"\n\t\t\t\n\t\t>\n<div class=\"siteorigin-widget-tinymce textwidget\">\n\t<p>Nous sommes une entreprise qui propose un brevet d\u2019un syst\u00e8me innovateur de climatisation et cong\u00e9lation pour vitrines.<\/p>\n<p>L\u2019initiative de cr\u00e9er <strong>Melius Integral S.L.<\/strong> survient en 2017, r\u00e9sultat de l'inqui\u00e9tude pour l'am\u00e9lioration du secteur alimentaire. Celui-ci est un secteur industriel cl\u00e9 dans l\u2019environnement international, qui est en constante \u00e9volution, d\u00e9veloppement et am\u00e9lioration continue.<\/p>\n<p>Dans le secteur alimentaire, <strong>Melius Integral S.L.<\/strong> offre des propositions industrielles en ligne de l\u2019am\u00e9lioration de la conservation de tout types de produits alimentaires pendant le temps d\u2019exposition et de stockage.<\/p>\n<p>Les propositions sont destin\u00e9es aux supermarch\u00e9s et aux grands magasins, aux petits locaux commerciaux, au secteur h\u00f4telier, aux stations-service, aux maisons de retraite et aux \u00e9coles et lyc\u00e9es, entre autres<\/p>\n<\/div>\n<\/div><\/div><\/div><div id=\"panel-760-0-0-4\" class=\"so-panel widget_inb-button inbound-button panel-last-child\" data-index=\"4\" ><div class=\"panel-widget-style panel-widget-style-for-760-0-0-4\" ><a href=\"https:\/\/www.meliusintegral.com\/wp-content\/uploads\/2019\/10\/Presentation-Brevet-Melius-Integral.pdf\" class=\"button-style-585c434f23d42 inbound-solid inbound-transparent\" target=\"_blank\">VOIR PR\u00c9SENTATION<\/a><\/div><\/div><\/div><\/div><\/div><\/div>","protected":false},"excerpt":{"rendered":"<p>Conception de vitrine r\u00e9frig\u00e9r\u00e9e pour alimentation Nous sommes une entreprise qui propose un brevet d\u2019un syst\u00e8me innovateur de climatisation et cong\u00e9lation pour vitrines. L\u2019initiative de<\/p>\n","protected":false},"author":1,"featured_media":0,"parent":0,"menu_order":0,"comment_status":"closed","ping_status":"closed","template":"","meta":{"footnotes":""},"class_list":["post-760","page","type-page","status-publish","hentry","even","last"],"_links":{"self":[{"href":"https:\/\/www.meliusintegral.com\/fr\/wp-json\/wp\/v2\/pages\/760","targetHints":{"allow":["GET"]}}],"collection":[{"href":"https:\/\/www.meliusintegral.com\/fr\/wp-json\/wp\/v2\/pages"}],"about":[{"href":"https:\/\/www.meliusintegral.com\/fr\/wp-json\/wp\/v2\/types\/page"}],"author":[{"embeddable":true,"href":"https:\/\/www.meliusintegral.com\/fr\/wp-json\/wp\/v2\/users\/1"}],"replies":[{"embeddable":true,"href":"https:\/\/www.meliusintegral.com\/fr\/wp-json\/wp\/v2\/comments?post=760"}],"version-history":[{"count":10,"href":"https:\/\/www.meliusintegral.com\/fr\/wp-json\/wp\/v2\/pages\/760\/revisions"}],"predecessor-version":[{"id":846,"href":"https:\/\/www.meliusintegral.com\/fr\/wp-json\/wp\/v2\/pages\/760\/revisions\/846"}],"wp:attachment":[{"href":"https:\/\/www.meliusintegral.com\/fr\/wp-json\/wp\/v2\/media?parent=760"}],"curies":[{"name":"wp","href":"https:\/\/api.w.org\/{rel}","templated":true}]}}